{"id":1257,"date":"2018-08-05T10:21:42","date_gmt":"2018-08-05T08:21:42","guid":{"rendered":"https:\/\/todservis.cz\/contact\/"},"modified":"2026-04-20T09:11:40","modified_gmt":"2026-04-20T07:11:40","slug":"contact","status":"publish","type":"page","link":"https:\/\/todservis.cz\/en\/contact\/","title":{"rendered":"Contact"},"content":{"rendered":"\n<div class=\"wp-block-group is-layout-constrained wp-block-group-is-layout-constrained\" style=\"margin-top:0;margin-bottom:0;padding-top:var(--wp--preset--spacing--70);padding-bottom:var(--wp--preset--spacing--50)\">\n<h2 class=\"wp-block-heading has-text-align-center\">Get in touch<\/h2>\n<\/div>\n\n<div class=\"wp-block-group kontaktySfotkou is-vertical is-layout-flex wp-container-core-group-is-layout-4b827052 wp-block-group-is-layout-flex\">\n<div class=\"wp-block-columns w-100 has-light-background-color has-background is-layout-flex wp-container-core-columns-is-layout-6c466c18 wp-block-columns-is-layout-flex\" style=\"margin-bottom:0;padding-top:var(--wp--preset--spacing--60);padding-bottom:var(--wp--preset--spacing--60)\">\n<div class=\"wp-block-column is-layout-flow wp-block-column-is-layout-flow\">\n<div class=\"wp-block-group osoba is-nowrap is-layout-flex wp-container-core-group-is-layout-6c531013 wp-block-group-is-layout-flex\">\n<figure class=\"wp-block-image size-full is-style-default wp-container-content-6c3d14a5\"><img loading=\"lazy\" decoding=\"async\" width=\"540\" height=\"540\" src=\"https:\/\/todservis.cz\/wp-content\/uploads\/2025\/12\/rous.png\" alt=\"\" class=\"wp-image-634\" srcset=\"https:\/\/todservis.cz\/wp-content\/uploads\/2025\/12\/rous.png 540w, https:\/\/todservis.cz\/wp-content\/uploads\/2025\/12\/rous-460x460.png 460w, https:\/\/todservis.cz\/wp-content\/uploads\/2025\/12\/rous-150x150.png 150w\" sizes=\"auto, (max-width: 540px) 100vw, 540px\" \/><\/figure>\n\n\n\n<div class=\"wp-block-group is-vertical is-layout-flex wp-container-core-group-is-layout-c35747d5 wp-block-group-is-layout-flex\">\n<p class=\"has-primary-color has-text-color has-link-color wp-elements-743ecf530ab712b4e5dfcbd747fc89ce\" class=\"wp-block-paragraph\">Milan Rous<\/p>\n\n\n\n<div class=\"wp-block-group is-nowrap is-layout-flex wp-container-core-group-is-layout-fc054d2d wp-block-group-is-layout-flex\">\n<figure class=\"wp-block-image size-large\"><img loading=\"lazy\" decoding=\"async\" width=\"25\" height=\"25\" src=\"https:\/\/todservis.cz\/wp-content\/uploads\/2025\/12\/email.svg\" alt=\"email\" class=\"wp-image-699\"\/><\/figure>\n\n\n\n<p class=\"h4\" class=\"wp-block-paragraph\"><a href=\"mailto:rous@todservis.cz\"><strong>rous@todservis.cz<\/strong><\/a><\/p>\n<\/div>\n<\/div>\n<\/div>\n<\/div>\n\n\n\n<div class=\"wp-block-column is-layout-flow wp-block-column-is-layout-flow\">\n<div class=\"wp-block-group osoba is-nowrap is-layout-flex wp-container-core-group-is-layout-6c531013 wp-block-group-is-layout-flex\">\n<figure class=\"wp-block-image size-full is-style-default wp-container-content-6c3d14a5\"><img loading=\"lazy\" decoding=\"async\" width=\"540\" height=\"540\" src=\"https:\/\/todservis.cz\/wp-content\/uploads\/2025\/12\/hill.png\" alt=\"Michal&#10;Hill\" class=\"wp-image-639\" srcset=\"https:\/\/todservis.cz\/wp-content\/uploads\/2025\/12\/hill.png 540w, https:\/\/todservis.cz\/wp-content\/uploads\/2025\/12\/hill-460x460.png 460w, https:\/\/todservis.cz\/wp-content\/uploads\/2025\/12\/hill-150x150.png 150w\" sizes=\"auto, (max-width: 540px) 100vw, 540px\" \/><\/figure>\n\n\n\n<div class=\"wp-block-group is-vertical is-layout-flex wp-container-core-group-is-layout-c35747d5 wp-block-group-is-layout-flex\">\n<p class=\"has-primary-color has-text-color has-link-color wp-elements-155010bcd7d703ead6f52ec880439afd\" class=\"wp-block-paragraph\">Michal Hill<\/p>\n\n\n\n<div class=\"wp-block-group is-nowrap is-layout-flex wp-container-core-group-is-layout-fc054d2d wp-block-group-is-layout-flex\">\n<figure class=\"wp-block-image size-large\"><img loading=\"lazy\" decoding=\"async\" width=\"25\" height=\"25\" src=\"https:\/\/todservis.cz\/wp-content\/uploads\/2025\/12\/email.svg\" alt=\"email\" class=\"wp-image-699\"\/><\/figure>\n\n\n\n<p class=\"h4\" class=\"wp-block-paragraph\"><a href=\"mailto:hill@todservis.cz\"><strong>hill@todservis.cz<\/strong><\/a><\/p>\n<\/div>\n<\/div>\n<\/div>\n<\/div>\n<\/div>\n\n\n\n<div class=\"wp-block-group w-100 has-white-color has-primary-background-color has-text-color has-background has-link-color wp-elements-f3543e4ca4bd83e9ed047fc6fbcdf41d wp-container-content-9cfa9a5a is-vertical is-content-justification-center is-nowrap is-layout-flex wp-container-core-group-is-layout-cc16d227 wp-block-group-is-layout-flex\" style=\"margin-top:0\">\n<p class=\"wp-block-paragraph\">If you prefer to call, please reach out to us by phone<\/p>\n\n\n\n<p class=\"has-white-color has-text-color has-link-color has-h-4-font-size wp-elements-d574118357d50888f92ef29030c66d61\" class=\"wp-block-paragraph\"><a href=\"tel:+420703639668\" target=\"_blank\" rel=\"noreferrer noopener\"><strong>+420 703 639 668<\/strong><\/a><\/p>\n<\/div>\n<\/div>\n\n<div id=\"poptavka\" class=\"wp-block-group is-layout-constrained wp-block-group-is-layout-constrained\" style=\"margin-top:0;margin-bottom:0;padding-top:var(--wp--preset--spacing--sekce);padding-bottom:var(--wp--preset--spacing--50)\">\n<h2 class=\"wp-block-heading has-text-align-center\">Write to us<\/h2>\n\n\n<div class='fluentform ff-default fluentform_wrapper_3  ff_guten_block ff_guten_block-3 ffs_default_wrap'><form data-form_id=\"3\" id=\"fluentform_3\" class=\"frm-fluent-form fluent_form_3 ff-el-form-top ff_form_instance_3_1 ff-form-loading ff_has_v3_recptcha ffs_default\" data-form_instance=\"ff_form_instance_3_1\" method=\"POST\" data-recptcha_key=\"6Ldw1VMsAAAAAKbAh1R2T9yALz1nVYe1HRgEJl4n\" ><fieldset  style=\"border: none!important;margin: 0!important;padding: 0!important;background-color: transparent!important;box-shadow: none!important;outline: none!important; min-inline-size: 100%;\">\n                    <legend class=\"ff_screen_reader_title\" style=\"display: block; margin: 0!important;padding: 0!important;height: 0!important;text-indent: -999999px;width: 0!important;overflow:hidden;\">Popt\u00e1vka<\/legend>        <div\n                style=\"display: none!important; position: absolute!important; transform: translateX(1000%)!important;\"\n                class=\"ff-el-group ff-hpsf-container\"\n        >\n            <div class=\"ff-el-input--label asterisk-right\">\n                <label for=\"ff_3_item_sf\" aria-label=\"Newsletter\">\n                    Newsletter                <\/label>\n            <\/div>\n            <div class=\"ff-el-input--content\">\n                <input type=\"text\"\n                       name=\"item_3__fluent_sf\"\n                       class=\"ff-el-form-control\"\n                       id=\"ff_3_item_sf\"\n                \/>\n            <\/div>\n        <\/div>\n        <input type='hidden' name='__fluent_form_embded_post_id' value='1257' \/><input type=\"hidden\" id=\"_fluentform_3_fluentformnonce\" name=\"_fluentform_3_fluentformnonce\" value=\"38606e33bf\" \/><input type=\"hidden\" name=\"_wp_http_referer\" value=\"\/en\/wp-json\/wp\/v2\/pages\/1257\" \/><div data-name=\"ff_cn_id_1\"  class='ff-t-container ff-column-container ff_columns_total_2 '><div class='ff-t-cell ff-t-column-1' style='flex-basis: 50%;'><div class='ff-el-group'><div class=\"ff-el-input--label asterisk-right\"><label for='ff_3_name' id='label_ff_3_name' >Full name<\/label><\/div><div class='ff-el-input--content'><input type=\"text\" name=\"name\" class=\"ff-el-form-control\" placeholder=\"Your name\" data-name=\"name\" id=\"ff_3_name\"  aria-invalid=\"false\" aria-required=false><\/div><\/div><\/div><div class='ff-t-cell ff-t-column-2' style='flex-basis: 50%;'><div class='ff-el-group'><div class=\"ff-el-input--label ff-el-is-required asterisk-right\"><label for='ff_3_email' id='label_ff_3_email' aria-label=\"Email\">Email<\/label><\/div><div class='ff-el-input--content'><input type=\"email\" name=\"email\" id=\"ff_3_email\" class=\"ff-el-form-control\" placeholder=\"your@email.com\" data-name=\"email\"  aria-invalid=\"false\" aria-required=true><\/div><\/div><\/div><\/div><div data-name=\"ff_cn_id_2\"  class='ff-t-container ff-column-container ff_columns_total_2 '><div class='ff-t-cell ff-t-column-1' style='flex-basis: 50%;'><div class='ff-el-group'><div class=\"ff-el-input--label ff-el-is-required asterisk-right\"><label for='ff_3_input_text' id='label_ff_3_input_text' aria-label=\"Phone\">Phone<\/label><\/div><div class='ff-el-input--content'><input type=\"text\" name=\"input_text\" class=\"ff-el-form-control\" placeholder=\"+420 ...\" data-name=\"input_text\" id=\"ff_3_input_text\"  aria-invalid=\"false\" aria-required=true><\/div><\/div><\/div><div class='ff-t-cell ff-t-column-2' style='flex-basis: 50%;'><div class='ff-el-group'><div class=\"ff-el-input--label asterisk-right\"><label for='ff_3_dropdown' id='label_ff_3_dropdown' aria-label=\"Requested service\">Requested service<\/label><\/div><div class='ff-el-input--content'><select name=\"dropdown\" id=\"ff_3_dropdown\" class=\"ff-el-form-control\" data-name=\"dropdown\" data-calc_value=\"0\"  aria-invalid=\"false\" aria-required=\"false\" aria-labelledby=\"label_ff_3_dropdown\"><option value=\"\">&#8211; Select &#8211;<\/option><option value=\"Havarijn\u00ed slu\u017eby\"  >Emergency services<\/option><option value=\"Inspek\u010dn\u00ed kamerov\u00e1 prohl\u00eddka kanalizace\"  >CCTV Sewer Inspection<\/option><option value=\"Tlakov\u00e9 \u010di\u0161t\u011bn\u00ed kanalizace\"  >High-pressure sewer cleaning<\/option><option value=\"Bezv\u00fdkopov\u00e9 opravy kanalizac\u00ed\"  >Trenchless sewer repairs<\/option><option value=\"\u010ci\u0161t\u011bn\u00ed kanalizace\"  >Sewer Cleaning<\/option><option value=\"Mechanick\u00e9 \u010di\u0161t\u011bn\u00ed kanalizace\"  >Mechanical Sewer Cleaning<\/option><\/select><\/div><\/div><\/div><\/div><div class='ff-el-group'><div class=\"ff-el-input--label asterisk-right\"><label for='ff_3_input_text_1' id='label_ff_3_input_text_1' aria-label=\"Service address\">Service address<\/label><\/div><div class='ff-el-input--content'><input type=\"text\" name=\"input_text_1\" class=\"ff-el-form-control\" placeholder=\"Enter street and city\" data-name=\"input_text_1\" id=\"ff_3_input_text_1\"  aria-invalid=\"false\" aria-required=false><\/div><\/div><div class='ff-el-group'><div class=\"ff-el-input--label asterisk-right\"><label for='ff_3_description' id='label_ff_3_description' aria-label=\"Message\">Message<\/label><\/div><div class='ff-el-input--content'><textarea aria-required=\"false\" aria-labelledby=\"label_ff_3_description\" name=\"description\" id=\"ff_3_description\" class=\"ff-el-form-control\" placeholder=\"Write to us what&#039;s on your mind...\" rows=\"3\" cols=\"2\" data-name=\"description\" ><\/textarea><\/div><\/div><div class='ff-el-group  mt-2  ff-el-input--content'><div class='ff-el-form-check ff-el-tc'><label aria-label='Terms and Conditions: I agree to the processing of personal data. Contains 1 link. Use tab navigation to review.' class='ff-el-form-check-label ff_tc_label' for=terms-n-condition_b9efaab05be2cd84b1c458fe5c6423cd><span class='ff_tc_checkbox'><input type=\"checkbox\" name=\"terms-n-condition\" class=\"ff-el-form-check-input\" data-name=\"terms-n-condition\" id=\"terms-n-condition_b9efaab05be2cd84b1c458fe5c6423cd\"  value='on' aria-invalid='false' aria-required=false><\/span> <div class='ff_t_c'><p class=\"wp-block-paragraph\">I agree to the processing of <a href=\"https:\/\/todservis.cz\/en\/gdpr\/\" target=\"_blank\" rel=\"noopener\">personal data.<\/a><\/p><\/div><\/label><\/div><\/div><div class='ff-el-group ff-text-left ff_submit_btn_wrapper'><button type=\"submit\" class=\"ff-btn ff-btn-submit ff-btn-md btn btn-outline-primary btnOutlineDark ff_btn_no_style\"  aria-label=\"Send message\">Send message<\/button><\/div><\/fieldset><\/form><div id='fluentform_3_errors' class='ff-errors-in-stack ff_form_instance_3_1 ff-form-loading_errors ff_form_instance_3_1_errors'><\/div><\/div>            <script type=\"text\/javascript\">\n                window.fluent_form_ff_form_instance_3_1 = {\"id\":\"3\",\"ajaxUrl\":\"https:\\\/\\\/todservis.cz\\\/wp-admin\\\/admin-ajax.php\",\"settings\":{\"layout\":{\"labelPlacement\":\"top\",\"helpMessagePlacement\":\"with_label\",\"errorMessagePlacement\":\"inline\",\"asteriskPlacement\":\"asterisk-right\"},\"restrictions\":{\"denyEmptySubmission\":{\"enabled\":false}}},\"form_instance\":\"ff_form_instance_3_1\",\"form_id_selector\":\"fluentform_3\",\"rules\":{\"name\":{\"required\":{\"value\":false,\"message\":\"This field is required.\",\"global\":false,\"global_message\":\"This field is required\"}},\"email\":{\"required\":{\"value\":true,\"message\":\"Email is required\",\"global\":false,\"global_message\":\"This field is required\"},\"email\":{\"value\":true,\"message\":\"Email is not in a valid format.\",\"global\":false,\"global_message\":\"This field must contain a valid email\"}},\"input_text\":{\"required\":{\"value\":true,\"message\":\"Phone is required\",\"global\":false,\"global_message\":\"This field is required\"}},\"dropdown\":{\"required\":{\"value\":false,\"message\":\"This field is required.\",\"global_message\":\"This field is required\",\"global\":true}},\"input_text_1\":{\"required\":{\"value\":false,\"message\":\"This field is required.\",\"global_message\":\"This field is required\",\"global\":true}},\"description\":{\"required\":{\"value\":false,\"message\":\"This field is required.\",\"global\":false,\"global_message\":\"This field is required\"}},\"terms-n-condition\":{\"required\":{\"value\":false,\"message\":\"This field is required.\",\"global\":false,\"global_message\":\"This field is required\"}}},\"debounce_time\":300};\n                            <\/script>\n            <\/div>\n\n<div class=\"wp-block-group is-layout-constrained wp-block-group-is-layout-constrained\" style=\"margin-top:0;margin-bottom:0;padding-top:var(--wp--preset--spacing--sekce);padding-bottom:var(--wp--preset--spacing--50)\">\n<h2 class=\"wp-block-heading has-text-align-center\">Business Premises<\/h2>\n<\/div>\n\n<div class=\"wp-block-columns is-layout-flex wp-container-core-columns-is-layout-14cf5ab5 wp-block-columns-is-layout-flex\">\n<div class=\"wp-block-column is-vertically-aligned-center is-layout-flow wp-block-column-is-layout-flow\">\n<p class=\"wp-block-paragraph\">Would you like to stop by and discuss things in person? <br\/>We look forward to seeing you! <\/p>\n\n\n\n<p class=\"h4 mt-3\" style=\"line-height:1.7\" class=\"wp-block-paragraph\"><strong>TOD SERVIS <\/strong>s.r.o.<br\/><strong>Hn\u011bvkovsk\u00e9ho 65 (V\u00daSH complex)<\/strong><br\/><strong>617 00 Brno<\/strong><\/p>\n\n\n\n<div class=\"wp-block-buttons is-layout-flex wp-block-buttons-is-layout-flex\">\n<div class=\"wp-block-button is-style-outline is-style-outline--1\"><a class=\"wp-block-button__link wp-element-button\" href=\"https:\/\/maps.google.com\/maps\/dir\/\/TOD+SERVIS,+v.o.s.+Hn%C4%9Bvkovsk%C3%A9ho+65+617+00+Brno-jih\/@49.1704678,16.6273934,16z\/data=!4m5!4m4!1m0!1m2!1m1!1s0x4712957cb5fa30c3:0x17d700fc7c541961\" target=\"_blank\" rel=\"noopener\">Navigate<\/a><\/div>\n<\/div>\n<\/div>\n\n\n\n<div class=\"wp-block-column is-layout-flow wp-block-column-is-layout-flow\">\n<iframe src=\"https:\/\/www.google.com\/maps\/embed?pb=!1m18!1m12!1m3!1d2704.2818554611817!2d16.625916990511715!3d49.17060592395706!2m3!1f0!2f0!3f0!3m2!1i1024!2i768!4f13.1!3m3!1m2!1s0x4712957cb5fa30c3%3A0x17d700fc7c541961!2sTOD%20SERVIS%2C%20v.o.s.!5e1!3m2!1scs!2scz!4v1768990528186!5m2!1scs!2scz\" width=\"100%\" height=\"450\" style=\"border:0;\" allowfullscreen=\"\" loading=\"lazy\" referrerpolicy=\"no-referrer-when-downgrade\"><\/iframe>\n<\/div>\n<\/div>\n\n<div class=\"wp-block-group alignfull has-light-background-color has-background is-layout-constrained wp-block-group-is-layout-constrained\" style=\"padding-top:var(--wp--preset--spacing--sekce);padding-bottom:var(--wp--preset--spacing--sekce)\">\n<h2 class=\"wp-block-heading has-text-align-center has-body-color-color has-text-color has-link-color has-h-4-font-size wp-elements-b247be8393ac40059c0120f20125c2d6\"><strong>Other company details<\/strong><\/h2>\n\n\n\n<p class=\"has-text-align-center\" class=\"wp-block-paragraph\"><strong>Registered office: <\/strong>TOD SERVIS, s.r.o., Nov\u00e9 sady 988\/2, Star\u00e9 Brno, 602 00 Brno | <strong>ID No.:<\/strong> 24109720 | <strong>VAT No.:<\/strong> CZ 24109720<\/p>\n\n\n\n<p class=\"has-text-align-center has-small-font-size\" class=\"wp-block-paragraph\">The company is registered at the Regional Court in Brno, Section C, Insert No. 149342. Bank account 279595530\/0600 (MONETA Money Bank, a.s.)<\/p>\n<\/div>\n\n<p class=\"wp-block-paragraph\"><\/p>\n","protected":false},"excerpt":{"rendered":"<p>Get in touch Milan Rous rous@todservis.cz Michal Hill hill@todservis.cz If you prefer to call, please reach out to us by&#8230;<\/p>\n","protected":false},"author":1,"featured_media":0,"parent":0,"menu_order":0,"comment_status":"closed","ping_status":"closed","template":"","meta":{"_acf_changed":false,"inline_featured_image":false,"footnotes":""},"class_list":["post-1257","page","type-page","status-publish","hentry"],"acf":[],"_links":{"self":[{"href":"https:\/\/todservis.cz\/en\/wp-json\/wp\/v2\/pages\/1257","targetHints":{"allow":["GET"]}}],"collection":[{"href":"https:\/\/todservis.cz\/en\/wp-json\/wp\/v2\/pages"}],"about":[{"href":"https:\/\/todservis.cz\/en\/wp-json\/wp\/v2\/types\/page"}],"author":[{"embeddable":true,"href":"https:\/\/todservis.cz\/en\/wp-json\/wp\/v2\/users\/1"}],"replies":[{"embeddable":true,"href":"https:\/\/todservis.cz\/en\/wp-json\/wp\/v2\/comments?post=1257"}],"version-history":[{"count":2,"href":"https:\/\/todservis.cz\/en\/wp-json\/wp\/v2\/pages\/1257\/revisions"}],"predecessor-version":[{"id":1348,"href":"https:\/\/todservis.cz\/en\/wp-json\/wp\/v2\/pages\/1257\/revisions\/1348"}],"wp:attachment":[{"href":"https:\/\/todservis.cz\/en\/wp-json\/wp\/v2\/media?parent=1257"}],"curies":[{"name":"wp","href":"https:\/\/api.w.org\/{rel}","templated":true}]}}